{"id":238,"date":"2021-10-03T11:24:17","date_gmt":"2021-10-03T11:24:17","guid":{"rendered":"https:\/\/cicakraus.com\/?page_id=238"},"modified":"2025-04-16T12:50:52","modified_gmt":"2025-04-16T12:50:52","slug":"history","status":"publish","type":"page","link":"https:\/\/cicakraus.com\/en\/history\/","title":{"rendered":"History"},"content":{"rendered":"<p class=\"p1\"><span class=\"s1\">The <\/span><span class=\"s2\"><b><i>Concurso Internacional de Canto Alfredo Kraus <\/i><\/b><\/span><span class=\"s1\">(Alfredo Kraus International Singing Competition), created by tenor Alfredo Kraus, was conceived from the start as a biennial event. First held in May 1990, the competition continued in 1992, 1994 and 1996, followed by a three-year gap until 1999 after a cancellation in 1998 due to a bereavement in the tenor\u2019s family. In line with Alfredo Kraus\u2019 wishes, the first five competitions were hosted in the city of his birth, Las Palmas de Gran Canaria, with the support and sponsorship of the <i>Cabildo de Gran Canaria<\/i> (Gran Canaria Island Council), an unfailing supporter of this initiative. During this first phase, the competition was organised by the <i>Fundaci\u00f3n Orquesta Filarm\u00f3nica<\/i> (Philharmonic Orchestra Foundation). <\/span><\/p>\n<p class=\"p1\"><span class=\"s1\">For the nine years the competition was held under the guidance of Alfredo Kraus as Chair, the <i>CICAK<\/i> became a hallmark among international events of its kind, earning global recognition not only among conservatories, theatres, auditoriums and orchestras, but also in the context of cultural tourism to Gran Canaria. Other institutions joined the Cabildo de Gran Canaria and the Fundaci\u00f3n Orquesta Filarm\u00f3nica as collaborators: <i>Spanish Ministry of Culture (INAEM); Spanish Ministry of Foreign Affairs \u2013 Directorate General of Cultural and Scientific Relations; Canary Islands Government \u2013 Regional Ministry of Tourism and Transport, Deputy Ministry of Culture and Sports; Las Palmas de Gran Canaria City Council; Madrid City Council &#8211; Education Department; SOCAEM &#8211; Canary Islands International Music Festival; RTVE Symphonic Orchestra and Choir; SGAE \u2013 Spanish General Society of Authors and Publishers; University of Music and Performing Arts, Vienna; Giuseppe Verdi Conservatory, Milan; Queen Sof\u00eda School of Music, Madrid; Higher School of Singing, Madrid; and Royal Opera House of London<\/i>. The competition is sponsored by UNELCO, with the collaboration of <i>IBERIA<\/i>, the <i>International Federation of Friends of Alfredo Kraus<\/i>, local firms <i>Domnel<\/i> and <i>\u00d3ptica Ja\u00e9n<\/i>, and private benefactors. <\/span><\/p>\n<p class=\"p1\"><span class=\"s1\">From 1990 to 1999, the preliminary rounds were held in Milan, Vienna, New York, London and Madrid, with Las Palmas de Gran Canaria hosting the Semi-final and Final rounds. Alfredo Kraus acted as Chair and was joined by jury members who were invited to Gran Canaria, including sopranos Edda Moser, Ingrid Bjoner, \u00c1ngeles Gul\u00edn, Tatiana Menotti and Marcella De Osma; mezzosopranos Christa Ludwig, Fedora Barbieri, Alicia Naf\u00e9, Mabel Perestein and Mar\u00eda Isabel Tor\u00f3n; tenors Pedro Lavirgen, Juan Oncina and Jes\u00fas (Suso) Mari\u00e1tegui; baritones Sesto Bruscantini and Antonio Blancas; and basses Walter Berry and Antonio Camp\u00f3.<\/span><\/p>\n<p class=\"p1\"><span class=\"s3\">With the presence of Alfredo Kraus and the added attraction of the <i>CICAK<\/i> being held in the city of his birth, an average of 85 applicants signed up for the preliminary rounds of the first five competitions. The competition archives show that applicants were of 30 nationalities, from Spain, Portugal, France, Italy, Germany, the United Kingdom, Belgium, Switzerland, Austria, Holland, Sweden, Norway, Romania, Bulgaria, Poland, Hungary, Czech Republic, Slovenia, Russia, the United States, Mexico, Venezuela, Colombia, Brazil, Argentina, Chile, Australia, Japan, China and South Korea. <\/span><\/p>\n<p class=\"p1\"><span class=\"s1\">The five competitions from 1990 to 1999 included the categories of Opera and Zarzuela and Lied and Oratorio. The original six official prizes (three winners in each category) were complemented by special prizes from public institutions and private patrons, in addition to the audience prize. The prize-giving took place after the televised concert of the Final Round with the <i>Gran Canaria Philharmonic Orchestra<\/i>. From 1990 to 1996, the final was held in the <i>P\u00e9rez Gald\u00f3s Theatre<\/i>. In 1999 the <i>Auditorio Alfredo Kraus<\/i> became the competition venue. <\/span><\/p>\n<p class=\"p1\"><span class=\"s1\">In 2017, 18 years after the death of the Gran Canarian tenor, the <\/span><span class=\"s2\"><b><i>FIAK<\/i><\/b><\/span><span class=\"s1\"> and the <b><i>Cabildo de Gran Canaria<\/i><\/b> revived the <i>CICAK<\/i>. The second phase continued with the valuable participation of the <i>Orquesta Filarm\u00f3nica de Gran Canaria <\/i>and the holding of the final public gala in the <i>Sala Sinf\u00f3nica <\/i>of the <i>Auditorio Alfredo Kraus<\/i>.<\/span><\/p>\n<p class=\"p1\"><span class=\"s1\">The following is a summary of the four previous competitions:<\/span><\/p>\n<ul>\n<li class=\"p1\"><span class=\"s1\"><i>VI CICAK <\/i>2017: 105 applicants of 22 nationalities; 11 finalists. Jury Chair: Jaume Aragall. Director: Jos\u00e9 Miguel P\u00e9rez Sierra. 1st Prize and Prize for the best singer of Spanish nationality: Carles Pach\u00f3n, baritone (Spain); 2nd Prize: Galeano Salas, tenor (Mexico\/USA); 3rd Prize and Audience prize: Leonor Bonilla, soprano (Spain).<\/span><\/li>\n<li class=\"p1\"><span class=\"s1\"><i>VII CICAK<\/i> 2019: 110 applicants of 31 nationalities; 9 finalists. Jury Chair: Mariella Devia. Director: \u00d3liver D\u00edaz. 1st Prize, Prize for the best singer of Spanish nationality and Audience prize: Manuel Fuentes Figueira, bass-baritone (Spain); 2nd Prize: Rodrigo Sosa dal Pozo, countertenor (Venezuela\/Italy); 3rd Prize: Mar\u00eda Caballero, soprano (Mexico). <\/span><\/li>\n<li class=\"p1\"><span class=\"s1\"><i>VIII CICAK<\/i> 2021: 124 applicants of 28 nationalities; 10 finalists. Jury Chair: Francisco Araiza. Director: \u00d3liver D\u00edaz. 1st Prize and Audience prize: Olga Syniakova, mezzosoprano (Ukraine); 2nd Prize: Regina Freire, soprano (Portugal); 3rd Prize: Susana Vieira, soprano (Portugal); Prize for the best singer of Spanish nationality: Teresa Villena, soprano (Spain); Fundaci\u00f3n Mart\u00edn Chirino Prize for the best Canary Islands singer: not awarded.<\/span><\/li>\n<li class=\"p1\"><span class=\"s1\"><i>IX CICAK<\/i> 2023: 110 applicants of 32 nationalities; 9 finalists. Jury Chair: Giuseppe Sabbatini. Director: \u00d3liver D\u00edaz. 1st Prize, Legado Maestro Alonso CB Prize for the best zarzuela singer and Audience prize: G\u00e9nesis Moreno, soprano (Venezuela); 2nd Prize and Fundaci\u00f3n Mart\u00edn Chirino Prize for the best opera singer: Carlos Alberto Vel\u00e1zquez, tenor (Mexico); 3rd Prize: Aitana Sanz, soprano (Spain).<\/span><\/li>\n<\/ul>\n","protected":false},"excerpt":{"rendered":"<p>The Concurso Internacional de Canto Alfredo Kraus (Alfredo Kraus International Singing Competition), created by tenor Alfredo Kraus, was conceived from the start as a biennial event. First held in May [&hellip;]<\/p>\n","protected":false},"author":1,"featured_media":0,"parent":0,"menu_order":10,"comment_status":"closed","ping_status":"closed","template":"","meta":{"_acf_changed":false,"footnotes":""},"class_list":["post-238","page","type-page","status-publish","hentry"],"acf":[],"_links":{"self":[{"href":"https:\/\/cicakraus.com\/en\/wp-json\/wp\/v2\/pages\/238","targetHints":{"allow":["GET"]}}],"collection":[{"href":"https:\/\/cicakraus.com\/en\/wp-json\/wp\/v2\/pages"}],"about":[{"href":"https:\/\/cicakraus.com\/en\/wp-json\/wp\/v2\/types\/page"}],"author":[{"embeddable":true,"href":"https:\/\/cicakraus.com\/en\/wp-json\/wp\/v2\/users\/1"}],"replies":[{"embeddable":true,"href":"https:\/\/cicakraus.com\/en\/wp-json\/wp\/v2\/comments?post=238"}],"version-history":[{"count":5,"href":"https:\/\/cicakraus.com\/en\/wp-json\/wp\/v2\/pages\/238\/revisions"}],"predecessor-version":[{"id":1100,"href":"https:\/\/cicakraus.com\/en\/wp-json\/wp\/v2\/pages\/238\/revisions\/1100"}],"wp:attachment":[{"href":"https:\/\/cicakraus.com\/en\/wp-json\/wp\/v2\/media?parent=238"}],"curies":[{"name":"wp","href":"https:\/\/api.w.org\/{rel}","templated":true}]}}